{"id":275,"date":"2025-08-10T20:03:00","date_gmt":"2025-08-10T20:03:00","guid":{"rendered":"https:\/\/sabrinalifestyle.com\/?page_id=275"},"modified":"2025-08-18T22:08:52","modified_gmt":"2025-08-18T22:08:52","slug":"a-propos-de-nous","status":"publish","type":"page","link":"https:\/\/sabrinalifestyle.com\/ar\/a-propos-de-nous\/","title":{"rendered":"\u0645\u0646 \u0646\u062d\u0646"},"content":{"rendered":"<div data-elementor-type=\"wp-page\" data-elementor-id=\"275\" class=\"elementor elementor-275\" data-elementor-post-type=\"page\">\n\t\t\t\t<div class=\"elementor-element elementor-element-f75b409 e-flex e-con-boxed e-con e-parent\" data-id=\"f75b409\" data-element_type=\"container\" data-e-type=\"container\">\n\t\t\t\t\t<div class=\"e-con-inner\">\n\t\t<div class=\"elementor-element elementor-element-020078f e-con-full e-flex e-con e-child\" data-id=\"020078f\" data-element_type=\"container\" data-e-type=\"container\" data-settings=\"{&quot;background_background&quot;:&quot;classic&quot;}\">\n\t\t\t\t<div class=\"elementor-element elementor-element-a381c4a elementor-absolute elementor-widget elementor-widget-edublink-animation\" data-id=\"a381c4a\" data-element_type=\"widget\" data-e-type=\"widget\" data-settings=\"{&quot;_position&quot;:&quot;absolute&quot;}\" data-widget_type=\"edublink-animation.default\">\n\t\t\t\t<div class=\"elementor-widget-container\">\n\t\t\t\t\t<div class=\"edublink-animation-widget edublink-animation-display-type-infinite-animation edublink-animation-content-type-image\"><img decoding=\"async\" src=\"https:\/\/sabrinalifestyle.com\/wp-content\/uploads\/2025\/08\/Shape.webp\" alt=\"Shape\"><\/div>\t\t\t\t<\/div>\n\t\t\t\t<\/div>\n\t\t<div class=\"elementor-element elementor-element-72c9b5a e-con-full e-flex e-con e-child\" data-id=\"72c9b5a\" data-element_type=\"container\" data-e-type=\"container\">\n\t\t\t\t<div class=\"elementor-element elementor-element-99519c9 elementor-widget elementor-widget-heading\" data-id=\"99519c9\" data-element_type=\"widget\" data-e-type=\"widget\" data-widget_type=\"heading.default\">\n\t\t\t\t\t<h2 class=\"elementor-heading-title elementor-size-default\">\u0645\u0646 \u0647\u064a \u0635\u0627\u0628\u0631\u064a\u0646\u061f<\/h2>\t\t\t\t<\/div>\n\t\t\t\t<div class=\"elementor-element elementor-element-cc60c44 elementor-widget elementor-widget-text-editor\" data-id=\"cc60c44\" data-element_type=\"widget\" data-e-type=\"widget\" data-widget_type=\"text-editor.default\">\n\t\t\t\t\t\t\t\t\t<p>\u0635\u0627\u0628\u0631\u064a\u0646 \u0647\u064a \u0645\u062f\u0631\u0628\u0629 \u0645\u062f\u0631\u0628\u064a\u0646 \u0645\u0639\u062a\u0645\u062f\u0629 \u0645\u0646 \u0643\u0644\u064a\u0629 \u0623\u0643\u0633\u0641\u0648\u0631\u062f \u0644\u0644\u062a\u062f\u0631\u064a\u0628 \u0641\u064a \u0644\u0646\u062f\u0646.<br \/>\u0639\u064f\u0631\u0641\u062a \u0628\u0643\u0648\u0646\u0647\u0627 \"\u0645\u064f\u0644\u0647\u0645\u0629 \u0644\u0644\u0648\u0639\u064a\" (Awakener)\u060c \u062d\u064a\u062b \u062f\u0623\u0628\u062a \u0645\u0646\u0630 \u0633\u0646\u0648\u0627\u062a \u0639\u0644\u0649 \u0645\u0631\u0627\u0641\u0642\u0629 \u0648\u062a\u0645\u0643\u064a\u0646 \u0623\u0648\u0644\u0626\u0643 \u0627\u0644\u0630\u064a\u0646 \u064a\u062a\u0637\u0644\u0639\u0648\u0646 \u0625\u0644\u0649 \u062a\u062c\u0627\u0648\u0632 \u0623\u0633\u0627\u0644\u064a\u0628 \u0627\u0644\u062a\u0639\u0644\u064a\u0645 \u0627\u0644\u062a\u0642\u0644\u064a\u062f\u064a\u060c \u0644\u062e\u0648\u0636 \u063a\u0645\u0627\u0631 \u062a\u062d\u0648\u0644 \u062f\u0627\u062e\u0644\u064a \u062d\u0642\u064a\u0642\u064a \u0648\u0639\u0645\u064a\u0642.<\/p><p>\u0628\u0635\u0641\u062a\u0647\u0627 \u0631\u0627\u0626\u062f\u0629 \u0623\u0639\u0645\u0627\u0644 \u0648\u0645\u0624\u0633\u0633\u0629 \u0644\u0640 \"Sabrina Lifestyle\" \u0641\u064a \u062f\u0628\u064a\u060c \u062a\u062a\u0648\u0644\u0649 \u0635\u0627\u0628\u0631\u064a\u0646 \u062a\u0648\u062c\u064a\u0647 \u0627\u0644\u0642\u0627\u062f\u0629 \u0648\u0627\u0644\u0645\u0628\u062f\u0639\u064a\u0646 \u0648\u0623\u0635\u062d\u0627\u0628 \u0627\u0644\u0631\u0624\u0649 \u0646\u062d\u0648 \u062a\u062d\u0642\u064a\u0642 \u0646\u062c\u0627\u062d \u0645\u0633\u062a\u062f\u0627\u0645\u060c \u0646\u062c\u0627\u062d \u0645\u0628\u0646\u064a \u0639\u0644\u0649 \u0627\u0644\u062a\u0646\u0627\u063a\u0645 \u0627\u0644\u062a\u0627\u0645 \u0645\u0639 \u0642\u064a\u0645\u0647\u0645 \u0648\u062c\u0648\u0647\u0631\u0647\u0645 \u0627\u0644\u0625\u0646\u0633\u0627\u0646\u064a \u0627\u0644\u0623\u0635\u064a\u0644.<br \/>\u064a\u0631\u062a\u0643\u0632 \u0646\u0647\u062c\u0647\u0627 \u0627\u0644\u0645\u062a\u0641\u0631\u062f \u0639\u0644\u0649 \u0627\u0644\u0645\u0632\u062c \u0628\u064a\u0646 \u0627\u0644\u0627\u0633\u062a\u0631\u0627\u062a\u064a\u062c\u064a\u0629 \u0627\u0644\u0641\u0639\u0651\u0627\u0644\u0629\u060c \u0648\u0627\u0644\u0639\u0642\u0644\u064a\u0629 \u0627\u0644\u0642\u0648\u064a\u0629\u060c \u0648\u0627\u0644\u0635\u062d\u0648\u0629 \u0627\u0644\u062f\u0627\u062e\u0644\u064a\u0629\u060c \u0648\u0630\u0644\u0643 \u0628\u0647\u062f\u0641 \u0635\u0646\u0627\u0639\u0629 \u062a\u0623\u062b\u064a\u0631 \u0645\u0644\u0645\u0648\u0633 \u0648\u0639\u0645\u064a\u0642 \u0648\u0642\u0627\u0628\u0644 \u0644\u0644\u0642\u064a\u0627\u0633 \u0639\u0644\u0649 \u0623\u0631\u0636 \u0627\u0644\u0648\u0627\u0642\u0639.<\/p><p>\u0635\u0627\u0628\u0631\u064a\u0646 \u0647\u064a \u0623\u064a\u0636\u0627\u064b \u0645\u0624\u0644\u0641\u0629 \u0627\u0644\u0643\u062a\u0627\u0628 \u0627\u0644\u0645\u0631\u062c\u0639\u064a \"Stop Instructing, Start Awakening\" \u0627\u0644\u0630\u064a \u064a\u062a\u0646\u0627\u0648\u0644 \u0641\u0646 \u0625\u064a\u0642\u0627\u0638 \u0627\u0644\u0648\u0639\u064a \u0628\u062f\u0644\u0627\u064b \u0645\u0646 \u0627\u0644\u0627\u0643\u062a\u0641\u0627\u0621 \u0628\u0627\u0644\u062a\u0644\u0642\u064a\u0646\u060c \u0628\u0627\u0644\u0625\u0636\u0627\u0641\u0629 \u0625\u0644\u0649 \u0643\u062a\u0627\u0628 \"Le Point B\" \u0627\u0644\u0630\u064a \u064a\u0645\u062b\u0644 \u0631\u062d\u0644\u0629 \u0634\u0627\u0639\u0631\u064a\u0629 \u0646\u062d\u0648 \u0627\u0644\u062a\u0648\u0627\u0632\u0646 \u0627\u0644\u062f\u0627\u062e\u0644\u064a. \u0644\u0642\u062f \u0623\u0644\u0647\u0645\u062a \u0645\u0646 \u062e\u0644\u0627\u0644 \u0623\u0639\u0645\u0627\u0644\u0647\u0627 \u0622\u0644\u0627\u0641 \u0627\u0644\u0642\u0631\u0627\u0621\u060c \u0648\u0642\u0627\u0645\u062a \u0628\u062a\u062f\u0631\u064a\u0628 \u0645\u0626\u0627\u062a \u0627\u0644\u0645\u062f\u0631\u0628\u064a\u0646 \u0641\u064a \u0645\u062e\u062a\u0644\u0641 \u0623\u0646\u062d\u0627\u0621 \u0627\u0644\u0639\u0627\u0644\u0645.<\/p><div class=\"form-group\"><div class=\"col-sm-10\"><span id=\"txttaskdescview\" class=\"RTL\" data-id=\"2134413\">\u062e\u0637\u0648\u0627\u062a \u0639\u0645\u0644\u064a\u0629 \u0648\u0639\u0642\u0644\u064a\u0629 \u0645\u062a\u0646\u0627\u063a\u0645\u0629 \u0644\u062a\u062d\u0642\u064a\u0642 \u0646\u062a\u0627\u0626\u062c \u0645\u0631\u0626\u064a\u0629 \u0648\u0645\u0633\u062a\u062f\u0627\u0645\u0629.<\/span><\/div><\/div><div id=\"divSubTaskBoard\" class=\"subTask-details-holder\">\u00a0<\/div>\t\t\t\t\t\t\t\t<\/div>\n\t\t\t\t<\/div>\n\t\t<div class=\"elementor-element elementor-element-8aaf747 e-con-full e-flex e-con e-child\" data-id=\"8aaf747\" data-element_type=\"container\" data-e-type=\"container\">\n\t\t\t\t<div class=\"elementor-element elementor-element-e8a93e3 elementor-widget elementor-widget-edublink-animation\" data-id=\"e8a93e3\" data-element_type=\"widget\" data-e-type=\"widget\" data-widget_type=\"edublink-animation.default\">\n\t\t\t\t<div class=\"elementor-widget-container\">\n\t\t\t\t\t<div class=\"edublink-animation-widget edublink-animation-display-type-infinite-animation-parallax edublink-animation-content-type-image edublink-parallax-item edublink-parallax-disable-at-small-tablet\" data-parallax=\"{&quot;x&quot;: 0, &quot;y&quot;: 110, &quot;rotateX&quot;: 0, &quot;rotateY&quot;: 0, &quot;rotateZ&quot;: 0, &quot;scale&quot;: 1}\"><img decoding=\"async\" src=\"https:\/\/sabrinalifestyle.com\/wp-content\/uploads\/2025\/08\/logo.webp\" alt=\"logo\"><\/div>\t\t\t\t<\/div>\n\t\t\t\t<\/div>\n\t\t\t\t<\/div>\n\t\t\t\t<div class=\"elementor-element elementor-element-be1a19b elementor-absolute elementor-widget elementor-widget-edublink-animation\" data-id=\"be1a19b\" data-element_type=\"widget\" data-e-type=\"widget\" data-settings=\"{&quot;_position&quot;:&quot;absolute&quot;}\" data-widget_type=\"edublink-animation.default\">\n\t\t\t\t<div class=\"elementor-widget-container\">\n\t\t\t\t\t<div class=\"edublink-animation-widget edublink-animation-display-type-infinite-animation edublink-animation-content-type-image\"><img decoding=\"async\" src=\"https:\/\/sabrinalifestyle.com\/wp-content\/uploads\/2025\/08\/Shape4.webp\" alt=\"Shape4\"><\/div>\t\t\t\t<\/div>\n\t\t\t\t<\/div>\n\t\t\t\t<\/div>\n\t\t\t\t\t<\/div>\n\t\t\t\t<\/div>\n\t\t<div class=\"elementor-element elementor-element-0ab9f3a e-flex e-con-boxed e-con e-parent\" data-id=\"0ab9f3a\" data-element_type=\"container\" data-e-type=\"container\">\n\t\t\t\t\t<div class=\"e-con-inner\">\n\t\t<div class=\"elementor-element elementor-element-37d2e40 e-con-full e-flex e-con e-child\" data-id=\"37d2e40\" data-element_type=\"container\" data-e-type=\"container\" data-settings=\"{&quot;background_background&quot;:&quot;classic&quot;}\">\n\t\t\t\t<div class=\"elementor-element elementor-element-cb541be elementor-absolute elementor-widget elementor-widget-edublink-animation\" data-id=\"cb541be\" data-element_type=\"widget\" data-e-type=\"widget\" data-settings=\"{&quot;_position&quot;:&quot;absolute&quot;}\" data-widget_type=\"edublink-animation.default\">\n\t\t\t\t<div class=\"elementor-widget-container\">\n\t\t\t\t\t<div class=\"edublink-animation-widget edublink-animation-display-type-infinite-animation edublink-animation-content-type-image\"><img decoding=\"async\" src=\"https:\/\/sabrinalifestyle.com\/wp-content\/uploads\/2025\/08\/Shape-2-1.png\" alt=\"Shape-2 (1)\"><\/div>\t\t\t\t<\/div>\n\t\t\t\t<\/div>\n\t\t<div class=\"elementor-element elementor-element-c867e26 e-con-full e-flex e-con e-child\" data-id=\"c867e26\" data-element_type=\"container\" data-e-type=\"container\">\n\t\t\t\t<div class=\"elementor-element elementor-element-9af6b8b elementor-widget elementor-widget-image\" data-id=\"9af6b8b\" data-element_type=\"widget\" data-e-type=\"widget\" data-widget_type=\"image.default\">\n\t\t\t\t\t\t\t\t\t\t\t\t\t\t\t<img fetchpriority=\"high\" decoding=\"async\" width=\"256\" height=\"256\" src=\"https:\/\/sabrinalifestyle.com\/wp-content\/uploads\/2025\/08\/leadership.png\" class=\"attachment-full size-full wp-image-656\" alt=\"\" srcset=\"https:\/\/sabrinalifestyle.com\/wp-content\/uploads\/2025\/08\/leadership.png 256w, https:\/\/sabrinalifestyle.com\/wp-content\/uploads\/2025\/08\/leadership-150x150.png 150w, https:\/\/sabrinalifestyle.com\/wp-content\/uploads\/2025\/08\/leadership-100x100.png 100w\" sizes=\"(max-width: 256px) 100vw, 256px\" \/>\t\t\t\t\t\t\t\t\t\t\t\t\t\t\t<\/div>\n\t\t\t\t<div class=\"elementor-element elementor-element-262b71f elementor-widget elementor-widget-heading\" data-id=\"262b71f\" data-element_type=\"widget\" data-e-type=\"widget\" data-widget_type=\"heading.default\">\n\t\t\t\t\t<h2 class=\"elementor-heading-title elementor-size-default\">\u0631\u0633\u0627\u0644\u062a\u0646\u0627 <\/h2>\t\t\t\t<\/div>\n\t\t\t\t<div class=\"elementor-element elementor-element-4f8a64f elementor-widget elementor-widget-text-editor\" data-id=\"4f8a64f\" data-element_type=\"widget\" data-e-type=\"widget\" data-widget_type=\"text-editor.default\">\n\t\t\t\t\t\t\t\t\t<p>\u0623\u0646 \u062a\u0641\u062a\u062d \u0644\u0643 \u0627\u0644\u0637\u0631\u064a\u0642 \u0644\u062a\u0635\u0628\u062d \u0623\u0641\u0636\u0644 \u0646\u0633\u062e\u0629 \u0645\u0646 \u0646\u0641\u0633\u0643\u060c \u0648\u062a\u0631\u0627\u0641\u0642\u0643 \u0641\u064a \u0628\u0646\u0627\u0621 \u062d\u064a\u0627\u0629 \u0645\u0646\u0633\u062c\u0645\u0629 \u0645\u0639 \u062d\u0642\u064a\u0642\u062a\u0643 \u0648\u062c\u0648\u0647\u0631 \u0645\u0646 \u0623\u0646\u062a \u062d\u0642\u064b\u0627.<\/p>\t\t\t\t\t\t\t\t<\/div>\n\t\t\t\t<\/div>\n\t\t<div class=\"elementor-element elementor-element-0cb8e4c e-con-full e-flex e-con e-child\" data-id=\"0cb8e4c\" data-element_type=\"container\" data-e-type=\"container\">\n\t\t\t\t<div class=\"elementor-element elementor-element-8fb97f4 elementor-widget elementor-widget-image\" data-id=\"8fb97f4\" data-element_type=\"widget\" data-e-type=\"widget\" data-widget_type=\"image.default\">\n\t\t\t\t\t\t\t\t\t\t\t\t\t\t\t<img decoding=\"async\" width=\"256\" height=\"256\" src=\"https:\/\/sabrinalifestyle.com\/wp-content\/uploads\/2025\/08\/target.png\" class=\"attachment-full size-full wp-image-655\" alt=\"\" srcset=\"https:\/\/sabrinalifestyle.com\/wp-content\/uploads\/2025\/08\/target.png 256w, https:\/\/sabrinalifestyle.com\/wp-content\/uploads\/2025\/08\/target-150x150.png 150w, https:\/\/sabrinalifestyle.com\/wp-content\/uploads\/2025\/08\/target-100x100.png 100w\" sizes=\"(max-width: 256px) 100vw, 256px\" \/>\t\t\t\t\t\t\t\t\t\t\t\t\t\t\t<\/div>\n\t\t\t\t<div class=\"elementor-element elementor-element-1c3c473 elementor-widget elementor-widget-heading\" data-id=\"1c3c473\" data-element_type=\"widget\" data-e-type=\"widget\" data-widget_type=\"heading.default\">\n\t\t\t\t\t<h2 class=\"elementor-heading-title elementor-size-default\">\u0627\u0633\u062a\u0631\u0627\u062a\u064a\u062c\u064a\u062a\u0646\u0627<\/h2>\t\t\t\t<\/div>\n\t\t\t\t<div class=\"elementor-element elementor-element-5099439 elementor-widget elementor-widget-text-editor\" data-id=\"5099439\" data-element_type=\"widget\" data-e-type=\"widget\" data-widget_type=\"text-editor.default\">\n\t\t\t\t\t\t\t\t\t<p>\u0627\u0633\u062a\u0631\u0627\u062a\u064a\u062c\u064a\u0629 \u0641\u0631\u064a\u062f\u0629 \u0645\u0646 4 \u0645\u0631\u0627\u062d\u0644\u060c \u062a\u0633\u0627\u0639\u062f\u0643 \u0639\u0644\u0649 \u062a\u062c\u0627\u0648\u0632 \u0627\u0644\u0639\u0642\u0628\u0627\u062a \u0648\u0627\u0644\u0645\u0636\u064a \u0642\u062f\u0645\u064b\u0627 \u0628\u062b\u0642\u0629.<\/p>\t\t\t\t\t\t\t\t<\/div>\n\t\t\t\t<\/div>\n\t\t\t\t<\/div>\n\t\t\t\t\t<\/div>\n\t\t\t\t<\/div>\n\t\t<div class=\"elementor-element elementor-element-4c08cf8 e-flex e-con-boxed e-con e-parent\" data-id=\"4c08cf8\" data-element_type=\"container\" data-e-type=\"container\">\n\t\t\t\t\t<div class=\"e-con-inner\">\n\t\t<div class=\"elementor-element elementor-element-783039c e-con-full e-flex e-con e-child\" data-id=\"783039c\" data-element_type=\"container\" data-e-type=\"container\" data-settings=\"{&quot;background_background&quot;:&quot;classic&quot;}\">\n\t\t\t\t<div class=\"elementor-element elementor-element-59afeed elementor-absolute elementor-widget elementor-widget-edublink-animation\" data-id=\"59afeed\" data-element_type=\"widget\" data-e-type=\"widget\" data-settings=\"{&quot;_position&quot;:&quot;absolute&quot;}\" data-widget_type=\"edublink-animation.default\">\n\t\t\t\t<div class=\"elementor-widget-container\">\n\t\t\t\t\t<div class=\"edublink-animation-widget edublink-animation-display-type-infinite-animation edublink-animation-content-type-image\"><img decoding=\"async\" src=\"https:\/\/sabrinalifestyle.com\/wp-content\/uploads\/2025\/08\/Shape-2-1.png\" alt=\"Shape-2 (1)\"><\/div>\t\t\t\t<\/div>\n\t\t\t\t<\/div>\n\t\t<div class=\"elementor-element elementor-element-0103e44 e-con-full e-flex e-con e-child\" data-id=\"0103e44\" data-element_type=\"container\" data-e-type=\"container\">\n\t\t\t\t<div class=\"elementor-element elementor-element-793d484 elementor-widget elementor-widget-counter\" data-id=\"793d484\" data-element_type=\"widget\" data-e-type=\"widget\" data-widget_type=\"counter.default\">\n\t\t\t\t\t\t\t<div class=\"elementor-counter\">\n\t\t\t<div class=\"elementor-counter-title\">\u0645\u0634\u062a\u0631\u0643 \u0641\u064a \u0627\u0644\u062f\u0648\u0631\u0627\u062a \u0627\u0644\u0645\u062f\u0641\u0648\u0639\u0629<\/div>\t\t\t<div class=\"elementor-counter-number-wrapper\">\n\t\t\t\t<span class=\"elementor-counter-number-prefix\">+<\/span>\n\t\t\t\t<span class=\"elementor-counter-number\" data-duration=\"2000\" data-to-value=\"325\" data-from-value=\"0\" data-delimiter=\",\">0<\/span>\n\t\t\t\t<span class=\"elementor-counter-number-suffix\"><\/span>\n\t\t\t<\/div>\n\t\t<\/div>\n\t\t\t\t\t\t<\/div>\n\t\t\t\t<\/div>\n\t\t<div class=\"elementor-element elementor-element-1bca34c e-con-full e-flex e-con e-child\" data-id=\"1bca34c\" data-element_type=\"container\" data-e-type=\"container\">\n\t\t\t\t<div class=\"elementor-element elementor-element-783f37d elementor-widget elementor-widget-counter\" data-id=\"783f37d\" data-element_type=\"widget\" data-e-type=\"widget\" data-widget_type=\"counter.default\">\n\t\t\t\t\t\t\t<div class=\"elementor-counter\">\n\t\t\t<div class=\"elementor-counter-title\">\u0633\u0646\u064a\u0646 \u0645\u0646 \u0627\u0644\u062e\u0628\u0631\u0629<\/div>\t\t\t<div class=\"elementor-counter-number-wrapper\">\n\t\t\t\t<span class=\"elementor-counter-number-prefix\">+<\/span>\n\t\t\t\t<span class=\"elementor-counter-number\" data-duration=\"2000\" data-to-value=\"8\" data-from-value=\"0\" data-delimiter=\",\">0<\/span>\n\t\t\t\t<span class=\"elementor-counter-number-suffix\"><\/span>\n\t\t\t<\/div>\n\t\t<\/div>\n\t\t\t\t\t\t<\/div>\n\t\t\t\t<\/div>\n\t\t<div class=\"elementor-element elementor-element-09ab02d e-con-full e-flex e-con e-child\" data-id=\"09ab02d\" data-element_type=\"container\" data-e-type=\"container\">\n\t\t\t\t<div class=\"elementor-element elementor-element-10d89ac elementor-widget elementor-widget-counter\" data-id=\"10d89ac\" data-element_type=\"widget\" data-e-type=\"widget\" data-widget_type=\"counter.default\">\n\t\t\t\t\t\t\t<div class=\"elementor-counter\">\n\t\t\t<div class=\"elementor-counter-title\">\u0645\u062a\u0627\u0628\u0639 \u0639\u0644\u0649 \u062c\u0645\u064a\u0639 \u0627\u0644\u0645\u0646\u0635\u0627\u062a<\/div>\t\t\t<div class=\"elementor-counter-number-wrapper\">\n\t\t\t\t<span class=\"elementor-counter-number-prefix\">+<\/span>\n\t\t\t\t<span class=\"elementor-counter-number\" data-duration=\"2000\" data-to-value=\"200\" data-from-value=\"0\" data-delimiter=\",\">0<\/span>\n\t\t\t\t<span class=\"elementor-counter-number-suffix\">\u0623\u0644\u0641<\/span>\n\t\t\t<\/div>\n\t\t<\/div>\n\t\t\t\t\t\t<\/div>\n\t\t\t\t<\/div>\n\t\t\t\t<\/div>\n\t\t\t\t\t<\/div>\n\t\t\t\t<\/div>\n\t\t\t\t<\/div>","protected":false},"excerpt":{"rendered":"<p>Qui est Sabrina? Sabrina est formatrice de formateurs, certifi\u00e9e par Oxford Training College, London.Reconnue comme awakener \u2014 \u00e9veilleuse de conscience \u2014 elle accompagne depuis des ann\u00e9es celles et ceux qui veulent d\u00e9passer l\u2019instruction classique pour vivre une v\u00e9ritable transformation int\u00e9rieure. Entrepreneure et fondatrice de Sabrina Lifestyle \u00e0 Duba\u00ef, elle guide les leaders, cr\u00e9ateurs et visionnaires&#8230;<\/p>","protected":false},"author":1,"featured_media":0,"parent":0,"menu_order":0,"comment_status":"closed","ping_status":"closed","template":"","meta":{"footnotes":""},"class_list":["post-275","page","type-page","status-publish","hentry"],"_links":{"self":[{"href":"https:\/\/sabrinalifestyle.com\/ar\/wp-json\/wp\/v2\/pages\/275","targetHints":{"allow":["GET"]}}],"collection":[{"href":"https:\/\/sabrinalifestyle.com\/ar\/wp-json\/wp\/v2\/pages"}],"about":[{"href":"https:\/\/sabrinalifestyle.com\/ar\/wp-json\/wp\/v2\/types\/page"}],"author":[{"embeddable":true,"href":"https:\/\/sabrinalifestyle.com\/ar\/wp-json\/wp\/v2\/users\/1"}],"replies":[{"embeddable":true,"href":"https:\/\/sabrinalifestyle.com\/ar\/wp-json\/wp\/v2\/comments?post=275"}],"version-history":[{"count":32,"href":"https:\/\/sabrinalifestyle.com\/ar\/wp-json\/wp\/v2\/pages\/275\/revisions"}],"predecessor-version":[{"id":1399,"href":"https:\/\/sabrinalifestyle.com\/ar\/wp-json\/wp\/v2\/pages\/275\/revisions\/1399"}],"wp:attachment":[{"href":"https:\/\/sabrinalifestyle.com\/ar\/wp-json\/wp\/v2\/media?parent=275"}],"curies":[{"name":"wp","href":"https:\/\/api.w.org\/{rel}","templated":true}]}}