{"id":3,"date":"2025-08-04T21:24:31","date_gmt":"2025-08-04T21:24:31","guid":{"rendered":"https:\/\/sabrinalifestyle.com\/?page_id=3"},"modified":"2025-08-27T09:31:42","modified_gmt":"2025-08-27T09:31:42","slug":"privacy-policy","status":"publish","type":"page","link":"https:\/\/sabrinalifestyle.com\/ar\/privacy-policy\/","title":{"rendered":"\u0627\u0644\u0634\u0631\u0648\u0637 \u0648\u0627\u0644\u0623\u062d\u0643\u0627\u0645"},"content":{"rendered":"<div data-elementor-type=\"wp-page\" data-elementor-id=\"3\" class=\"elementor elementor-3\" data-elementor-post-type=\"page\">\n\t\t\t\t<div class=\"elementor-element elementor-element-4b8547f e-flex e-con-boxed e-con e-parent\" data-id=\"4b8547f\" data-element_type=\"container\" data-e-type=\"container\">\n\t\t\t\t\t<div class=\"e-con-inner\">\n\t\t\t\t<div class=\"elementor-element elementor-element-e415f70 elementor-widget elementor-widget-text-editor\" data-id=\"e415f70\" data-element_type=\"widget\" data-e-type=\"widget\" data-widget_type=\"text-editor.default\">\n\t\t\t\t\t<style>.elementor-element-e415f70{display:none !important}<\/style>\t\t\t\t<\/div>\n\t\t\t\t<div class=\"elementor-element elementor-element-dc27f4b elementor-widget elementor-widget-text-editor\" data-id=\"dc27f4b\" data-element_type=\"widget\" data-e-type=\"widget\" data-widget_type=\"text-editor.default\">\n\t\t\t\t\t\t\t\t\t<h2 data-start=\"2345\" data-end=\"2605\"><strong data-start=\"2345\" data-end=\"2364\">\u0627\u0644\u0634\u0631\u0648\u0637 \u0648\u0627\u0644\u0623\u062d\u0643\u0627\u0645<\/strong><\/h2>\n<p data-start=\"2345\" data-end=\"2605\"><br data-start=\"2364\" data-end=\"2367\" \/>\u0645\u0631\u062d\u0628\u064b\u0627 \u0628\u0643 \u0641\u064a <strong data-start=\"2380\" data-end=\"2410\">Sabrina Lifestyle Coaching<\/strong>! \u0647\u0630\u0647 \u0627\u0644\u0634\u0631\u0648\u0637 \u062a\u0648\u0636\u062d \u0627\u0644\u0642\u0648\u0627\u0639\u062f \u0648\u0627\u0644\u062a\u0639\u0644\u064a\u0645\u0627\u062a \u0644\u0627\u0633\u062a\u062e\u062f\u0627\u0645 \u0627\u0644\u0645\u0648\u0642\u0639 <a class=\"decorated-link cursor-pointer\" target=\"_new\" rel=\"noopener\" data-start=\"2463\" data-end=\"2492\">https:\/\/sabrinalifestyle.com\/<\/a>. \u0639\u0646\u062f \u062f\u062e\u0648\u0644\u0643 \u0627\u0644\u0645\u0648\u0642\u0639\u060c \u0641\u0625\u0646\u0643 \u062a\u0648\u0627\u0641\u0642 \u0639\u0644\u0649 \u0647\u0630\u0647 \u0627\u0644\u0634\u0631\u0648\u0637. \u0625\u0630\u0627 \u0644\u0645 \u062a\u0648\u0627\u0641\u0642 \u0639\u0644\u0649 \u0623\u064a \u0645\u0646\u0647\u0627\u060c \u064a\u064f\u0631\u062c\u0649 \u0639\u062f\u0645 \u0627\u0644\u0627\u0633\u062a\u0645\u0631\u0627\u0631 \u0641\u064a \u0627\u0633\u062a\u062e\u062f\u0627\u0645 \u0627\u0644\u0645\u0648\u0642\u0639.<\/p>\n<h4 data-start=\"2607\" data-end=\"2804\"><strong data-start=\"2607\" data-end=\"2620\">\u0627\u0644\u0645\u0635\u0637\u0644\u062d\u0627\u062a<\/strong><\/h4>\n<p data-start=\"2607\" data-end=\"2804\"><br data-start=\"2620\" data-end=\"2623\" \/>\u0641\u064a \u0647\u0630\u0647 \u0627\u0644\u0634\u0631\u0648\u0637\u060c &#8220;\u0627\u0644\u0639\u0645\u064a\u0644&#8221;\u060c &#8220;\u0623\u0646\u062a&#8221; \u0648&#8221;\u062e\u0627\u0635\u062a\u0643&#8221; \u062a\u0634\u064a\u0631 \u0625\u0644\u0649 \u0645\u0633\u062a\u062e\u062f\u0645 \u0627\u0644\u0645\u0648\u0642\u0639. &#8220;\u0627\u0644\u0634\u0631\u0643\u0629&#8221;\u060c &#8220;\u0646\u062d\u0646&#8221; \u0648&#8221;\u0644\u0646\u0627&#8221; \u062a\u0634\u064a\u0631 \u0625\u0644\u0649 <strong data-start=\"2719\" data-end=\"2749\">Sabrina Lifestyle Coaching<\/strong>. &#8220;\u0627\u0644\u0637\u0631\u0641&#8221; \u0623\u0648 &#8220;\u0627\u0644\u0623\u0637\u0631\u0627\u0641&#8221; \u062a\u0634\u064a\u0631 \u0625\u0644\u0649 \u0643\u0644 \u0645\u0646 \u0627\u0644\u0639\u0645\u064a\u0644 \u0648\u0627\u0644\u0634\u0631\u0643\u0629.<\/p>\n<h4 data-start=\"2806\" data-end=\"3088\"><strong data-start=\"2806\" data-end=\"2840\">\u0645\u0644\u0641\u0627\u062a \u062a\u0639\u0631\u064a\u0641 \u0627\u0644\u0627\u0631\u062a\u0628\u0627\u0637 (Cookies)<\/strong><\/h4>\n<p data-start=\"2806\" data-end=\"3088\"><br data-start=\"2840\" data-end=\"2843\" \/>\u0646\u0633\u062a\u062e\u062f\u0645 \u0627\u0644\u0643\u0648\u0643\u064a\u0632 \u0644\u062a\u062d\u0633\u064a\u0646 \u062a\u062c\u0631\u0628\u0629 \u0627\u0644\u0645\u0633\u062a\u062e\u062f\u0645 \u0639\u0644\u0649 \u0627\u0644\u0645\u0648\u0642\u0639. \u0628\u0627\u0633\u062a\u062e\u062f\u0627\u0645\u0643 \u0627\u0644\u0645\u0648\u0642\u0639\u060c \u0641\u0625\u0646\u0643 \u062a\u0648\u0627\u0641\u0642 \u0639\u0644\u0649 \u0627\u0633\u062a\u062e\u062f\u0627\u0645 \u0627\u0644\u0643\u0648\u0643\u064a\u0632 \u0648\u0641\u0642\u064b\u0627 \u0644\u0633\u064a\u0627\u0633\u0629 \u0627\u0644\u062e\u0635\u0648\u0635\u064a\u0629 \u0644\u062f\u064a\u0646\u0627. \u062a\u0633\u0627\u0639\u062f\u0646\u0627 \u0627\u0644\u0643\u0648\u0643\u064a\u0632 \u0639\u0644\u0649 \u062a\u0630\u0643\u0631 \u0628\u064a\u0627\u0646\u0627\u062a\u0643 \u0648\u062a\u0633\u0647\u0644 \u0627\u0633\u062a\u062e\u062f\u0627\u0645 \u0628\u0639\u0636 \u0648\u0638\u0627\u0626\u0641 \u0627\u0644\u0645\u0648\u0642\u0639. \u0642\u062f \u062a\u0633\u062a\u062e\u062f\u0645 \u0628\u0639\u0636 \u0634\u0631\u0643\u0627\u0626\u0646\u0627 \u0627\u0644\u0625\u0639\u0644\u0627\u0646\u064a\u064a\u0646 \u0645\u0644\u0641\u0627\u062a \u0643\u0648\u0643\u064a\u0632 \u0623\u064a\u0636\u064b\u0627.<\/p>\n<h4 data-start=\"3090\" data-end=\"3261\"><strong data-start=\"3090\" data-end=\"3114\">\u062d\u0642\u0648\u0642 \u0627\u0644\u0645\u0644\u0643\u064a\u0629 \u0627\u0644\u0641\u0643\u0631\u064a\u0629<\/strong><\/h4>\n<p data-start=\"3090\" data-end=\"3261\"><br data-start=\"3114\" data-end=\"3117\" \/>\u0645\u0627 \u0644\u0645 \u064a\u064f\u0630\u0643\u0631 \u062e\u0644\u0627\u0641 \u0630\u0644\u0643\u060c \u062a\u0645\u062a\u0644\u0643 <strong data-start=\"3145\" data-end=\"3175\">Sabrina Lifestyle Coaching<\/strong> \u0648\u062c\u0645\u064a\u0639 \u0634\u0631\u0643\u0627\u0626\u0647\u0627 \u062d\u0642\u0648\u0642 \u062c\u0645\u064a\u0639 \u0645\u062d\u062a\u0648\u064a\u0627\u062a \u0627\u0644\u0645\u0648\u0642\u0639. \u064a\u0645\u0643\u0646\u0643 \u0627\u0633\u062a\u062e\u062f\u0627\u0645\u0647\u0627 \u0641\u0642\u0637 \u0644\u0644\u0623\u063a\u0631\u0627\u0636 \u0627\u0644\u0634\u062e\u0635\u064a\u0629. \u064a\u064f\u0645\u0646\u0639:<\/p>\n<ul data-start=\"3262\" data-end=\"3338\">\n<li data-start=\"3262\" data-end=\"3283\">\n<p data-start=\"3264\" data-end=\"3283\">\u0625\u0639\u0627\u062f\u0629 \u0646\u0634\u0631 \u0627\u0644\u0645\u062d\u062a\u0648\u0649<\/p>\n<\/li>\n<li data-start=\"3284\" data-end=\"3302\">\n<p data-start=\"3286\" data-end=\"3302\">\u0628\u064a\u0639\u0647 \u0623\u0648 \u062a\u0623\u062c\u064a\u0631\u0647<\/p>\n<\/li>\n<li data-start=\"3303\" data-end=\"3321\">\n<p data-start=\"3305\" data-end=\"3321\">\u0646\u0633\u062e\u0647 \u0623\u0648 \u062a\u0643\u0631\u0627\u0631\u0647<\/p>\n<\/li>\n<li data-start=\"3322\" data-end=\"3338\">\n<p data-start=\"3324\" data-end=\"3338\">\u0625\u0639\u0627\u062f\u0629 \u062a\u0648\u0632\u064a\u0639\u0647<\/p>\n<\/li>\n<\/ul>\n<p data-start=\"3340\" data-end=\"3583\"><strong data-start=\"3340\" data-end=\"3360\">\u0627\u0644\u0645\u062d\u062a\u0648\u0649 \u0648\u0627\u0644\u062f\u0648\u0631\u0627\u062a<\/strong><br data-start=\"3360\" data-end=\"3363\" \/>\u0628\u0639\u0636 \u0623\u0642\u0633\u0627\u0645 \u0627\u0644\u0645\u0648\u0642\u0639 \u062a\u0633\u0645\u062d \u0644\u0644\u0645\u0633\u062a\u062e\u062f\u0645\u064a\u0646 \u0628\u0634\u0631\u0627\u0621 \u0627\u0644\u062f\u0648\u0631\u0627\u062a \u0648\u0645\u0634\u0627\u0631\u0643\u0629 \u0622\u0631\u0627\u0626\u0647\u0645. \u0644\u0627 \u062a\u0642\u0648\u0645 <strong data-start=\"3434\" data-end=\"3464\">Sabrina Lifestyle Coaching<\/strong> \u0628\u062a\u062d\u0631\u064a\u0631 \u0623\u0648 \u0645\u0631\u0627\u062c\u0639\u0629 \u0627\u0644\u0645\u062d\u062a\u0648\u0649 \u0642\u0628\u0644 \u0638\u0647\u0648\u0631\u0647. \u0627\u0644\u0622\u0631\u0627\u0621 \u0641\u064a \u0627\u0644\u062f\u0648\u0631\u0627\u062a \u062a\u0639\u0628\u0651\u0631 \u0639\u0646 \u0645\u0646\u0634\u0626\u064a \u0627\u0644\u0645\u062d\u062a\u0648\u0649 \u0648\u0644\u064a\u0633 \u0639\u0646 <strong data-start=\"3550\" data-end=\"3580\">Sabrina Lifestyle Coaching<\/strong>.<\/p>\n<h4 data-start=\"3585\" data-end=\"3823\"><strong data-start=\"3585\" data-end=\"3604\">\u0633\u064a\u0627\u0633\u0629 \u0627\u0644\u0627\u0633\u062a\u0631\u062f\u0627\u062f<\/strong><\/h4>\n<p data-start=\"3585\" data-end=\"3823\"><br data-start=\"3604\" data-end=\"3607\" \/>\u0644\u0627 \u062a\u0648\u062c\u062f \u0627\u0633\u062a\u0631\u062c\u0627\u0639\u0627\u062a \u0628\u0639\u062f \u0634\u0631\u0627\u0621 \u0627\u0644\u062f\u0648\u0631\u0629. \u062a\u062d\u062a\u0641\u0638 <strong data-start=\"3648\" data-end=\"3678\">Sabrina Lifestyle Coaching<\/strong> \u0628\u062d\u0642 \u0625\u0644\u063a\u0627\u0621 \u0623\u064a \u062f\u0648\u0631\u0629 \u0623\u0648 \u0648\u0642\u0641\u0647\u0627 \u0641\u064a \u0623\u064a \u0648\u0642\u062a. \u0641\u064a \u0647\u0630\u0647 \u0627\u0644\u062d\u0627\u0644\u0629\u060c \u0633\u064a\u062a\u0645 \u0625\u0639\u0644\u0627\u0645 \u0627\u0644\u0645\u0634\u0627\u0631\u0643\u064a\u0646 \u0648\u064a\u0645\u0643\u0646 \u062a\u0642\u062f\u064a\u0645 \u0628\u062f\u0627\u0626\u0644 \u0645\u062b\u0644 \u0627\u0644\u062a\u0633\u062c\u064a\u0644 \u0641\u064a \u062f\u0648\u0631\u0629 \u0623\u062e\u0631\u0649 \u0623\u0648 \u0631\u0635\u064a\u062f \u0644\u0644\u0634\u0631\u0627\u0621 \u0627\u0644\u0645\u0633\u062a\u0642\u0628\u0644\u064a.<\/p>\t\t\t\t\t\t\t\t<\/div>\n\t\t\t\t\t<\/div>\n\t\t\t\t<\/div>\n\t\t\t\t<\/div>","protected":false},"excerpt":{"rendered":"<p>Conditions G\u00e9n\u00e9rales Bienvenue sur Sabrina Lifestyle Coaching ! Ces conditions g\u00e9n\u00e9rales expliquent les r\u00e8gles et directives pour utiliser le site https:\/\/sabrinalifestyle.com\/. En acc\u00e9dant \u00e0 ce site, vous acceptez ces conditions. Si vous n\u2019\u00eates pas d\u2019accord avec l\u2019une des r\u00e8gles, veuillez ne pas continuer \u00e0 utiliser le site. Terminologie Dans ces conditions, \u201cClient\u201d, \u201cVous\u201d et \u201cVotre\u201d&#8230;<\/p>","protected":false},"author":1,"featured_media":0,"parent":0,"menu_order":0,"comment_status":"closed","ping_status":"open","template":"","meta":{"footnotes":""},"class_list":["post-3","page","type-page","status-publish","hentry"],"_links":{"self":[{"href":"https:\/\/sabrinalifestyle.com\/ar\/wp-json\/wp\/v2\/pages\/3","targetHints":{"allow":["GET"]}}],"collection":[{"href":"https:\/\/sabrinalifestyle.com\/ar\/wp-json\/wp\/v2\/pages"}],"about":[{"href":"https:\/\/sabrinalifestyle.com\/ar\/wp-json\/wp\/v2\/types\/page"}],"author":[{"embeddable":true,"href":"https:\/\/sabrinalifestyle.com\/ar\/wp-json\/wp\/v2\/users\/1"}],"replies":[{"embeddable":true,"href":"https:\/\/sabrinalifestyle.com\/ar\/wp-json\/wp\/v2\/comments?post=3"}],"version-history":[{"count":14,"href":"https:\/\/sabrinalifestyle.com\/ar\/wp-json\/wp\/v2\/pages\/3\/revisions"}],"predecessor-version":[{"id":1112,"href":"https:\/\/sabrinalifestyle.com\/ar\/wp-json\/wp\/v2\/pages\/3\/revisions\/1112"}],"wp:attachment":[{"href":"https:\/\/sabrinalifestyle.com\/ar\/wp-json\/wp\/v2\/media?parent=3"}],"curies":[{"name":"wp","href":"https:\/\/api.w.org\/{rel}","templated":true}]}}